{"id":103,"date":"2022-05-25T15:10:12","date_gmt":"2022-05-25T15:10:12","guid":{"rendered":"http:\/\/www.mindfuckness.fi\/?page_id=103"},"modified":"2026-01-16T12:11:21","modified_gmt":"2026-01-16T12:11:21","slug":"mindfuckness-ohjaajakoulutus-2022","status":"publish","type":"page","link":"http:\/\/www.mindfuckness.fi\/index.php\/mindfuckness-ohjaajakoulutus-2022\/","title":{"rendered":"MindF\u00fcckness-ohjaajakoulutus 2022"},"content":{"rendered":"\n<p>Ensimm\u00e4inen sertifioitu MindF\u00fcckness-ohjaajakoulutus on saatu hienosti p\u00e4\u00e4t\u00f6kseen!<\/p>\n\n\n\n<div class=\"wp-block-image\"><figure class=\"aligncenter size-large is-resized\"><img loading=\"lazy\" src=\"http:\/\/www.mindfuckness.fi\/wp-content\/uploads\/2022\/06\/karoliina-759x1024.jpg\" alt=\"\" class=\"wp-image-231\" width=\"462\" height=\"623\" srcset=\"http:\/\/www.mindfuckness.fi\/wp-content\/uploads\/2022\/06\/karoliina-759x1024.jpg 759w, http:\/\/www.mindfuckness.fi\/wp-content\/uploads\/2022\/06\/karoliina-222x300.jpg 222w, http:\/\/www.mindfuckness.fi\/wp-content\/uploads\/2022\/06\/karoliina-768x1036.jpg 768w, http:\/\/www.mindfuckness.fi\/wp-content\/uploads\/2022\/06\/karoliina-1138x1536.jpg 1138w, http:\/\/www.mindfuckness.fi\/wp-content\/uploads\/2022\/06\/karoliina.jpg 1299w\" sizes=\"(max-width: 462px) 100vw, 462px\" \/><figcaption>Sertifioitu MindF\u00fcckness\u2122-ohjaaja Karo. Onnea!<\/figcaption><\/figure><\/div>\n\n\n\n<p>Koulutus j\u00e4rjestettiin Taiteen Sulattamo ry:ll\u00e4 MindF\u00fcckness V\u00e4ripajojen yhteydess\u00e4. Kahdeksan viikkoa kest\u00e4v\u00e4 koulutus antaa valmiudet toimia itsen\u00e4isen\u00e4 yhden t\u00e4hden (*) MindF\u00fcckness-ohjaajana k\u00e4ytt\u00e4en MindF\u00fcckness-sertifikaatin m\u00e4\u00e4rittelemi\u00e4 materiaaleja, ty\u00f6st\u00f6v\u00e4lineit\u00e4 sek\u00e4 vuodesta 1982 alkaen viimeiseenkin yksityiskohtaan asti hiottuja MindF\u00fcckness-metodeja.<\/p>\n\n\n\n<p>Koulutuksesta vastaa virallinen viiden t\u00e4hden (*****) MindF\u00fcckness-ohjaaja. <br>Ohjaajan taitojen kehittyess\u00e4 ja kokemuksen karttuessa t\u00e4htiluokitusta voi korottaa jatkokouluttautumisen my\u00f6t\u00e4. <\/p>\n\n\n\n<p>Lis\u00e4tietoa ja ilmoittautumiset MindF\u00fcckness-ohjaajakurssille info(\u00e4t)mindfuckness.fi<\/p>\n\n\n\n<p><span style=\"text-decoration: underline;\"><\/span><span style=\"text-decoration: underline;\"><\/span><\/p>\n","protected":false},"excerpt":{"rendered":"<p>Ensimm\u00e4inen sertifioitu MindF\u00fcckness-ohjaajakoulutus on saatu hienosti p\u00e4\u00e4t\u00f6kseen! Koulutus j\u00e4rjestettiin Taiteen Sulattamo ry:ll\u00e4 MindF\u00fcckness V\u00e4ripajojen yhteydess\u00e4. Kahdeksan viikkoa kest\u00e4v\u00e4 koulutus antaa valmiudet toimia itsen\u00e4isen\u00e4 yhden t\u00e4hden (*) MindF\u00fcckness-ohjaajana k\u00e4ytt\u00e4en MindF\u00fcckness-sertifikaatin m\u00e4\u00e4rittelemi\u00e4 materiaaleja, ty\u00f6st\u00f6v\u00e4lineit\u00e4 sek\u00e4 vuodesta 1982 alkaen viimeiseenkin yksityiskohtaan asti hiottuja MindF\u00fcckness-metodeja. Koulutuksesta vastaa virallinen viiden t\u00e4hden (*****) MindF\u00fcckness-ohjaaja. Ohjaajan taitojen kehittyess\u00e4 ja kokemuksen karttuessa t\u00e4htiluokitusta &hellip; <\/p>\n<p class=\"link-more\"><a href=\"http:\/\/www.mindfuckness.fi\/index.php\/mindfuckness-ohjaajakoulutus-2022\/\" class=\"more-link\">Jatka lukemista<span class=\"screen-reader-text\"> &#8221;MindF\u00fcckness-ohjaajakoulutus 2022&#8221;<\/span><\/a><\/p>\n","protected":false},"author":1,"featured_media":0,"parent":0,"menu_order":0,"comment_status":"closed","ping_status":"closed","template":"","meta":[],"_links":{"self":[{"href":"http:\/\/www.mindfuckness.fi\/index.php\/wp-json\/wp\/v2\/pages\/103"}],"collection":[{"href":"http:\/\/www.mindfuckness.fi\/index.php\/wp-json\/wp\/v2\/pages"}],"about":[{"href":"http:\/\/www.mindfuckness.fi\/index.php\/wp-json\/wp\/v2\/types\/page"}],"author":[{"embeddable":true,"href":"http:\/\/www.mindfuckness.fi\/index.php\/wp-json\/wp\/v2\/users\/1"}],"replies":[{"embeddable":true,"href":"http:\/\/www.mindfuckness.fi\/index.php\/wp-json\/wp\/v2\/comments?post=103"}],"version-history":[{"count":7,"href":"http:\/\/www.mindfuckness.fi\/index.php\/wp-json\/wp\/v2\/pages\/103\/revisions"}],"predecessor-version":[{"id":354,"href":"http:\/\/www.mindfuckness.fi\/index.php\/wp-json\/wp\/v2\/pages\/103\/revisions\/354"}],"wp:attachment":[{"href":"http:\/\/www.mindfuckness.fi\/index.php\/wp-json\/wp\/v2\/media?parent=103"}],"curies":[{"name":"wp","href":"https:\/\/api.w.org\/{rel}","templated":true}]}}