{"id":274,"date":"2022-08-24T08:04:23","date_gmt":"2022-08-24T08:04:23","guid":{"rendered":"http:\/\/www.mindfuckness.fi\/?page_id=274"},"modified":"2023-01-20T11:47:30","modified_gmt":"2023-01-20T11:47:30","slug":"why-so-myrtsi-viii","status":"publish","type":"page","link":"http:\/\/www.mindfuckness.fi\/index.php\/why-so-myrtsi-viii\/","title":{"rendered":"WHY SO MYRTSI? VIII"},"content":{"rendered":"\n<p>MindF\u00fcckness\u2122 v\u00e4reily\u00e4 Myyrm\u00e4en taiteiden y\u00f6ss\u00e4 25.8.2022 <br>Kiitos osallistujat, Myyrm\u00e4ki-liike ja Myyrm\u00e4ki-seura ry!<\/p>\n\n\n\n<figure class=\"wp-block-image size-large\"><img loading=\"lazy\" width=\"1024\" height=\"768\" src=\"http:\/\/www.mindfuckness.fi\/wp-content\/uploads\/2023\/01\/myrtsi_-1024x768.jpg\" alt=\"\" class=\"wp-image-295\" srcset=\"http:\/\/www.mindfuckness.fi\/wp-content\/uploads\/2023\/01\/myrtsi_-1024x768.jpg 1024w, http:\/\/www.mindfuckness.fi\/wp-content\/uploads\/2023\/01\/myrtsi_-300x225.jpg 300w, http:\/\/www.mindfuckness.fi\/wp-content\/uploads\/2023\/01\/myrtsi_-768x576.jpg 768w, http:\/\/www.mindfuckness.fi\/wp-content\/uploads\/2023\/01\/myrtsi_.jpg 1280w\" sizes=\"(max-width: 767px) 89vw, (max-width: 1000px) 54vw, (max-width: 1071px) 543px, 580px\" \/><\/figure>\n\n\n\n<figure class=\"wp-block-gallery columns-3 is-cropped\"><ul class=\"blocks-gallery-grid\"><li class=\"blocks-gallery-item\"><figure><img loading=\"lazy\" width=\"768\" height=\"1024\" src=\"http:\/\/www.mindfuckness.fi\/wp-content\/uploads\/2023\/01\/myrtsi2-768x1024.jpg\" alt=\"\" data-id=\"297\" class=\"wp-image-297\" srcset=\"http:\/\/www.mindfuckness.fi\/wp-content\/uploads\/2023\/01\/myrtsi2-768x1024.jpg 768w, http:\/\/www.mindfuckness.fi\/wp-content\/uploads\/2023\/01\/myrtsi2-225x300.jpg 225w, http:\/\/www.mindfuckness.fi\/wp-content\/uploads\/2023\/01\/myrtsi2.jpg 960w\" sizes=\"(max-width: 767px) 89vw, (max-width: 1000px) 54vw, (max-width: 1071px) 543px, 580px\" \/><\/figure><\/li><li class=\"blocks-gallery-item\"><figure><img loading=\"lazy\" width=\"768\" height=\"1024\" src=\"http:\/\/www.mindfuckness.fi\/wp-content\/uploads\/2023\/01\/301836354_631747331857287_3485655901005414308_n-768x1024.jpg\" alt=\"\" data-id=\"298\" data-link=\"http:\/\/www.mindfuckness.fi\/index.php\/why-so-myrtsi-viii\/301836354_631747331857287_3485655901005414308_n\/\" class=\"wp-image-298\" srcset=\"http:\/\/www.mindfuckness.fi\/wp-content\/uploads\/2023\/01\/301836354_631747331857287_3485655901005414308_n-768x1024.jpg 768w, http:\/\/www.mindfuckness.fi\/wp-content\/uploads\/2023\/01\/301836354_631747331857287_3485655901005414308_n-225x300.jpg 225w, http:\/\/www.mindfuckness.fi\/wp-content\/uploads\/2023\/01\/301836354_631747331857287_3485655901005414308_n.jpg 960w\" sizes=\"(max-width: 767px) 89vw, (max-width: 1000px) 54vw, (max-width: 1071px) 543px, 580px\" \/><\/figure><\/li><li class=\"blocks-gallery-item\"><figure><img loading=\"lazy\" width=\"768\" height=\"1024\" src=\"http:\/\/www.mindfuckness.fi\/wp-content\/uploads\/2023\/01\/301891786_631747221857298_1365311338128305456_n-768x1024.jpg\" alt=\"\" data-id=\"299\" data-full-url=\"http:\/\/www.mindfuckness.fi\/wp-content\/uploads\/2023\/01\/301891786_631747221857298_1365311338128305456_n.jpg\" data-link=\"http:\/\/www.mindfuckness.fi\/index.php\/why-so-myrtsi-viii\/301891786_631747221857298_1365311338128305456_n\/\" class=\"wp-image-299\" srcset=\"http:\/\/www.mindfuckness.fi\/wp-content\/uploads\/2023\/01\/301891786_631747221857298_1365311338128305456_n-768x1024.jpg 768w, http:\/\/www.mindfuckness.fi\/wp-content\/uploads\/2023\/01\/301891786_631747221857298_1365311338128305456_n-225x300.jpg 225w, http:\/\/www.mindfuckness.fi\/wp-content\/uploads\/2023\/01\/301891786_631747221857298_1365311338128305456_n.jpg 960w\" sizes=\"(max-width: 767px) 89vw, (max-width: 1000px) 54vw, (max-width: 1071px) 543px, 580px\" \/><\/figure><\/li><\/ul><\/figure>\n","protected":false},"excerpt":{"rendered":"<p>MindF\u00fcckness\u2122 v\u00e4reily\u00e4 Myyrm\u00e4en taiteiden y\u00f6ss\u00e4 25.8.2022 Kiitos osallistujat, Myyrm\u00e4ki-liike ja Myyrm\u00e4ki-seura ry!<\/p>\n","protected":false},"author":1,"featured_media":0,"parent":0,"menu_order":0,"comment_status":"closed","ping_status":"closed","template":"","meta":[],"_links":{"self":[{"href":"http:\/\/www.mindfuckness.fi\/index.php\/wp-json\/wp\/v2\/pages\/274"}],"collection":[{"href":"http:\/\/www.mindfuckness.fi\/index.php\/wp-json\/wp\/v2\/pages"}],"about":[{"href":"http:\/\/www.mindfuckness.fi\/index.php\/wp-json\/wp\/v2\/types\/page"}],"author":[{"embeddable":true,"href":"http:\/\/www.mindfuckness.fi\/index.php\/wp-json\/wp\/v2\/users\/1"}],"replies":[{"embeddable":true,"href":"http:\/\/www.mindfuckness.fi\/index.php\/wp-json\/wp\/v2\/comments?post=274"}],"version-history":[{"count":2,"href":"http:\/\/www.mindfuckness.fi\/index.php\/wp-json\/wp\/v2\/pages\/274\/revisions"}],"predecessor-version":[{"id":300,"href":"http:\/\/www.mindfuckness.fi\/index.php\/wp-json\/wp\/v2\/pages\/274\/revisions\/300"}],"wp:attachment":[{"href":"http:\/\/www.mindfuckness.fi\/index.php\/wp-json\/wp\/v2\/media?parent=274"}],"curies":[{"name":"wp","href":"https:\/\/api.w.org\/{rel}","templated":true}]}}